
{"id":54,"date":"2011-06-01T09:54:47","date_gmt":"2011-06-01T09:54:47","guid":{"rendered":"http:\/\/www.gs-heinrich-heine-warnemuende.de\/?page_id=54"},"modified":"2025-04-23T12:51:02","modified_gmt":"2025-04-23T11:51:02","slug":"kontakt","status":"publish","type":"page","link":"https:\/\/www.gs-heinrich-heine-warnemuende.de\/?page_id=54","title":{"rendered":"Kontakt"},"content":{"rendered":"<p><strong>Adresse<\/strong><\/p>\n<p>Grundschule &#8222;Heinrich Heine&#8220;<br>Heinrich-Heine-Stra\u00dfe 3<\/p>\n<p>18119 Rostock<br>Deutschland<\/p>\n<p>Tel: (<span class=\"LrzXr zdqRlf kno-fv\"><a href=\"https:\/\/www.google.de\/search?sxsrf=ALeKk02PFzQvb3ir4BB2ZdsMGtk36hfx4Q%3A1611828136460&amp;source=hp&amp;ei=qIsSYKOnGYuwa9yDn4AO&amp;q=grundschule+heinrich+heine&amp;oq=gru&amp;gs_lcp=CgZwc3ktYWIQAxgAMgQIIxAnMgQIIxAnMgQIIxAnMgUIABCxAzIFCAAQsQMyBQgAELEDMgUIABCxAzICCAAyAggAMgUIABCxAzoICAAQsQMQgwE6DggAELEDEIMBEMcBEKMCOgUILhCxAzoLCAAQsQMQxwEQowI6AgguUOcPWN4RYNgdaABwAHgAgAFViAH3AZIBATOYAQCgAQGqAQdnd3Mtd2l6&amp;sclient=psy-ab#\" data-ved=\"2ahUKEwiNzZ_er77uAhWsxoUKHQPSBrQQkAgoADAUegQIFRAD\" data-local-attribute=\"d3ph\" data-dtype=\"d3ifr\"><span role=\"link\" aria-label=\"0381 38141560 anrufen\">0381) 38141560<\/span><\/a><\/span><\/p>\n<p>Mail: gr-heine@rostock.de<\/p>\n<p><span style=\"text-decoration: underline;\"><strong>\u00d6ffnungszeiten des Sekretariats:<\/strong><\/span><\/p>\n<p>in der Schulzeit t\u00e4glich zwischen <strong>07.00 Uhr <\/strong>und <strong>11.00 Uhr<\/strong><\/p>\n\n\n<p><\/p>\n","protected":false},"excerpt":{"rendered":"<p>Adresse Grundschule &#8222;Heinrich Heine&#8220;Heinrich-Heine-Stra\u00dfe 3 18119 RostockDeutschland Tel: (0381) 38141560 Mail: gr-heine@rostock.de \u00d6ffnungszeiten des Sekretariats: in der Schulzeit t\u00e4glich zwischen 07.00 Uhr und 11.00 Uhr<\/p>\n","protected":false},"author":1,"featured_media":0,"parent":0,"menu_order":0,"comment_status":"closed","ping_status":"open","template":"","meta":{"ngg_post_thumbnail":0,"footnotes":""},"class_list":["post-54","page","type-page","status-publish","hentry"],"_links":{"self":[{"href":"https:\/\/www.gs-heinrich-heine-warnemuende.de\/index.php?rest_route=\/wp\/v2\/pages\/54","targetHints":{"allow":["GET"]}}],"collection":[{"href":"https:\/\/www.gs-heinrich-heine-warnemuende.de\/index.php?rest_route=\/wp\/v2\/pages"}],"about":[{"href":"https:\/\/www.gs-heinrich-heine-warnemuende.de\/index.php?rest_route=\/wp\/v2\/types\/page"}],"author":[{"embeddable":true,"href":"https:\/\/www.gs-heinrich-heine-warnemuende.de\/index.php?rest_route=\/wp\/v2\/users\/1"}],"replies":[{"embeddable":true,"href":"https:\/\/www.gs-heinrich-heine-warnemuende.de\/index.php?rest_route=%2Fwp%2Fv2%2Fcomments&post=54"}],"version-history":[{"count":8,"href":"https:\/\/www.gs-heinrich-heine-warnemuende.de\/index.php?rest_route=\/wp\/v2\/pages\/54\/revisions"}],"predecessor-version":[{"id":1580,"href":"https:\/\/www.gs-heinrich-heine-warnemuende.de\/index.php?rest_route=\/wp\/v2\/pages\/54\/revisions\/1580"}],"wp:attachment":[{"href":"https:\/\/www.gs-heinrich-heine-warnemuende.de\/index.php?rest_route=%2Fwp%2Fv2%2Fmedia&parent=54"}],"curies":[{"name":"wp","href":"https:\/\/api.w.org\/{rel}","templated":true}]}}