
{"id":46,"date":"2011-06-01T09:50:35","date_gmt":"2011-06-01T09:50:35","guid":{"rendered":"http:\/\/www.gs-heinrich-heine-warnemuende.de\/?page_id=46"},"modified":"2025-03-20T09:06:47","modified_gmt":"2025-03-20T08:06:47","slug":"impressum","status":"publish","type":"page","link":"https:\/\/www.gs-heinrich-heine-warnemuende.de\/?page_id=46","title":{"rendered":"Impressum"},"content":{"rendered":"<p><strong>Grundschule &#8222;Heinrich Heine&#8220; Warnem\u00fcnde<\/strong><\/p>\n<p><strong>Schulleitung<\/strong><\/p>\n<p>Frau Judith Plaumann, Schulleiterin<br>Frau Daniela Ple\u00df, stellvertretende Schulleiterin&nbsp; &nbsp; &nbsp; &nbsp; &nbsp; &nbsp; &nbsp; &nbsp; &nbsp; &nbsp; &nbsp; &nbsp; &nbsp; &nbsp; &nbsp; &nbsp; &nbsp; &nbsp; &nbsp; &nbsp; &nbsp; Heinrich-Heine-Str. 3<br>18119 Rostock<br>Tel. 0381\/ 381 41 560<br>Mail: gr-heine@rostock.de<\/p>\n<p>Die Grundschule &#8222;Heinrich Heine&#8220; ist eine K\u00f6rperschaft des \u00d6ffentlichen Rechts. Sie wird durch die Schulleiterin gesetzlich vertreten.<\/p>\n<p><strong>Schultr\u00e4ger (Dienstanbieter im Sinne des DDG)<\/strong><\/p>\n<p>Hansestadt Rostock<br>Amt f\u00fcr Schule und Sport<br>vertreten durch Frau Elke Watzema<br>Schilling-Allee 71<br>18057 Rostock<\/p>\n<p>Tel.: 0381 381-4001<br>Fax : 0381 381-4050<br>Mail: amt-schule-Sport@rostock.de<\/p>\n<p>&nbsp;<\/p>\n\n\n<p>Urheberrecht<\/p>\n<p>Texte, Bilder, Grafiken und Fotos sowie die Gestaltung dieser Internetseiten unterliegen dem Urheberrecht. Sie d\u00fcrfen von Ihnen nur zum privaten und sonstigen eigenen Gebrauch im Rahmen des \u00a7 53 Urheberrechtsgesetz (UrhG) ohne jede \u00c4nderung vervielf\u00e4ltigt werden. Eine Verbreitung<\/p>\n<p>von Kopien (analog oder digital) oder Ausz\u00fcgen ist nur mit schriftlicher Genehmigung zul\u00e4ssig. Der Nachdruck und die Auswertung von Pressemitteilungen und Reden sind mit Quellenangabe gestattet. Texte, Bilder, Grafiken und sonstige Materialien k\u00f6nnen ganz oder teilweise dem Urheberrecht Dritter unterliegen. Die Inhalte Dritter sind als solche kenntlich gemacht und d\u00fcrfen ohne Einwilligung des Rechteinhabers nicht vervielf\u00e4ltigt, \u00f6ffentlich zug\u00e4nglich gemacht oder \u00f6ffentlich wiedergegeben werden.<\/p>\n<p>Haftung f\u00fcr Inhalte<\/p>\n<p>Die Informationen, die Sie auf diesem Internetauftritt vorfinden, wurden nach bestem Wissen und Gewissen sorgf\u00e4ltig zusammengestellt und gepr\u00fcft. F\u00fcr die Richtigkeit, Vollst\u00e4ndigkeit, Aktualit\u00e4t oder Qualit\u00e4t und jederzeitige Verf\u00fcgbarkeit der bereit gestellten Informationen wird jedoch keine Gew\u00e4hr \u00fcbernommen. Diensteanbieter sind gem\u00e4\u00df \u00a7 7 Abs.1 DDG f\u00fcr eigene Inhalte auf diesen Seiten nach den allgemeinen Gesetzen verantwortlich. Diensteanbieter sind jedoch nicht verpflichtet, \u00fcbermittelte oder gespeicherte fremde Informationen zu \u00fcberwachen oder nach Umst\u00e4nden zu forschen, die auf eine rechtswidrige T\u00e4tigkeit hinweisen. Verpflichtungen zur Entfernung oder Sperrung der Nutzung von Informationen nach den allgemeinen Gesetzen bleiben hiervon unber\u00fchrt.<\/p>\n<p>Dieser Internetauftritt enth\u00e4lt auch Links oder Verweise auf Internetauftritte Dritter. Diese Links zu den Internetauftritten Dritter stellen keine Zustimmung zu deren Inhalten durch den Herausgeber dar. F\u00fcr die Inhalte der externen Links sind die jeweiligen Anbieter oder Betreiber (Urheber) der Seiten verantwortlich. Mit den Links zu anderen Internetauftritten wird den Nutzern lediglich der Zugang zur Nutzung der Inhalte vermittelt. Die externen Links wurden zum Zeitpunkt der Linksetzung nach bestem Wissen und Gewissen auf eventuelle Rechtsverst\u00f6\u00dfe \u00fcberpr\u00fcft. Eine st\u00e4ndige inhaltliche \u00dcberpr\u00fcfung der externen Links ist ohne konkrete Anhaltspunkte einer Rechtsverletzung nicht m\u00f6glich. Bei Verlinkungen auf die Webseiten Dritter, die au\u00dferhalb des Verantwortungsbereichs des Herausgebers liegen, w\u00fcrde eine Haftungsverpflichtung nur bestehen, wenn der Herausgeber von den rechtswidrigen Inhalten Kenntnis erlangt und es technisch m\u00f6glich und zumutbar w\u00e4re, die Nutzung dieser Inhalte zu verhindern. Sollten Sie der Ansicht sein, dass die verlinkten externen Seiten gegen geltendes Recht versto\u00dfen oder sonst unangemessene Inhalte haben, so teilen Sie uns dies bitte mit.<\/p>\n","protected":false},"excerpt":{"rendered":"<p>Grundschule &#8222;Heinrich Heine&#8220; Warnem\u00fcnde Schulleitung Frau Judith Plaumann, SchulleiterinFrau Daniela Ple\u00df, stellvertretende Schulleiterin&nbsp; &nbsp; &nbsp; &nbsp; &nbsp; &nbsp; &nbsp; &nbsp; &nbsp; &nbsp; &nbsp; &nbsp; &nbsp; &nbsp; &nbsp; &nbsp; &nbsp; &nbsp; &nbsp; &nbsp; &nbsp; Heinrich-Heine-Str. 318119 RostockTel. 0381\/ 381 41 560Mail: gr-heine@rostock.de Die Grundschule &#8222;Heinrich Heine&#8220; ist eine K\u00f6rperschaft des \u00d6ffentlichen Rechts. Sie wird durch die Schulleiterin gesetzlich vertreten. Schultr\u00e4ger (Dienstanbieter im Sinne des DDG) Hansestadt RostockAmt f\u00fcr Schule und Sportvertreten durch Frau Elke WatzemaSchilling-Allee 7118057 Rostock Tel.: 0381 381-4001Fax : 0381 381-4050Mail: amt-schule-Sport@rostock.de &nbsp; Urheberrecht Texte, Bilder, Grafiken und Fotos sowie die Gestaltung dieser Internetseiten unterliegen dem Urheberrecht. Sie d\u00fcrfen &hellip; <a href=\"https:\/\/www.gs-heinrich-heine-warnemuende.de\/?page_id=46\" class=\"more-link\"><span class=\"more-button\">Continue Reading<span class=\"screen-reader-text\">Impressum<\/span><\/span><\/a><\/p>\n","protected":false},"author":1,"featured_media":0,"parent":0,"menu_order":0,"comment_status":"closed","ping_status":"open","template":"","meta":{"ngg_post_thumbnail":0,"footnotes":""},"class_list":["post-46","page","type-page","status-publish","hentry"],"_links":{"self":[{"href":"https:\/\/www.gs-heinrich-heine-warnemuende.de\/index.php?rest_route=\/wp\/v2\/pages\/46","targetHints":{"allow":["GET"]}}],"collection":[{"href":"https:\/\/www.gs-heinrich-heine-warnemuende.de\/index.php?rest_route=\/wp\/v2\/pages"}],"about":[{"href":"https:\/\/www.gs-heinrich-heine-warnemuende.de\/index.php?rest_route=\/wp\/v2\/types\/page"}],"author":[{"embeddable":true,"href":"https:\/\/www.gs-heinrich-heine-warnemuende.de\/index.php?rest_route=\/wp\/v2\/users\/1"}],"replies":[{"embeddable":true,"href":"https:\/\/www.gs-heinrich-heine-warnemuende.de\/index.php?rest_route=%2Fwp%2Fv2%2Fcomments&post=46"}],"version-history":[{"count":9,"href":"https:\/\/www.gs-heinrich-heine-warnemuende.de\/index.php?rest_route=\/wp\/v2\/pages\/46\/revisions"}],"predecessor-version":[{"id":1579,"href":"https:\/\/www.gs-heinrich-heine-warnemuende.de\/index.php?rest_route=\/wp\/v2\/pages\/46\/revisions\/1579"}],"wp:attachment":[{"href":"https:\/\/www.gs-heinrich-heine-warnemuende.de\/index.php?rest_route=%2Fwp%2Fv2%2Fmedia&parent=46"}],"curies":[{"name":"wp","href":"https:\/\/api.w.org\/{rel}","templated":true}]}}